{"id":8,"date":"2024-05-20T07:54:44","date_gmt":"2024-05-20T07:54:44","guid":{"rendered":"https:\/\/demosites.royal-elementor-addons.com\/graphic-nature-v1\/?page_id=8"},"modified":"2025-10-10T12:00:06","modified_gmt":"2025-10-10T12:00:06","slug":"o-nama","status":"publish","type":"page","link":"https:\/\/gewacro.com\/index.php\/hr\/o-nama\/","title":{"rendered":"O nama"},"content":{"rendered":"\t\t<div data-elementor-type=\"wp-page\" data-elementor-id=\"8\" class=\"elementor elementor-8\">\n\t\t\t\t\t\t<section class=\"elementor-section elementor-top-section elementor-element elementor-element-e2d971c elementor-section-height-min-height elementor-section-boxed elementor-section-height-default elementor-section-items-middle wpr-particle-no wpr-jarallax-no wpr-parallax-no wpr-sticky-section-no\" data-id=\"e2d971c\" data-element_type=\"section\" data-settings=\"{&quot;background_background&quot;:&quot;classic&quot;}\">\n\t\t\t\t\t\t\t<div class=\"elementor-background-overlay\"><\/div>\n\t\t\t\t\t\t\t<div class=\"elementor-container elementor-column-gap-default\">\n\t\t\t\t\t<div class=\"elementor-column elementor-col-100 elementor-top-column elementor-element elementor-element-65f48f4\" data-id=\"65f48f4\" data-element_type=\"column\">\n\t\t\t<div class=\"elementor-widget-wrap elementor-element-populated\">\n\t\t\t\t\t\t<div class=\"elementor-element elementor-element-9447ba2 wpr-logo-position-center elementor-widget elementor-widget-wpr-logo\" data-id=\"9447ba2\" data-element_type=\"widget\" data-widget_type=\"wpr-logo.default\">\n\t\t\t\t\t\t\t\t\n\t\t\t<div class=\"wpr-logo elementor-clearfix\">\n\n\t\t\t\t\t\t\t\t<picture class=\"wpr-logo-image\">\n\t\t\t\t\t\t\t\t\t\t<source media=\"(max-width: 767px)\" srcset=\"https:\/\/gewacro.com\/wp-content\/uploads\/2025\/10\/4.png\">\t\n\t\t\t\t\t\n\t\t\t\t\t\t\t\t\t\t<source srcset=\"https:\/\/gewacro.com\/wp-content\/uploads\/2025\/10\/4.png 1x, https:\/\/gewacro.com\/wp-content\/uploads\/2025\/10\/4.png 2x\">\t\n\t\t\t\t\t\t\t\t\t\t\n\t\t\t\t\t<img decoding=\"async\" src=\"https:\/\/gewacro.com\/wp-content\/uploads\/2025\/10\/4.png\" alt=\"\">\n\n\t\t\t\t\t\t\t\t\t\t\t<a class=\"wpr-logo-url\" rel=\"home\" aria-label=\"\" href=\"https:\/\/gewacro.com\/\"><\/a>\n\t\t\t\t\t\t\t\t\t<\/picture>\n\t\t\t\t\n\t\t\t\t\n\t\t\t\t\t\t\t\t\t<a class=\"wpr-logo-url\" rel=\"home\" aria-label=\"\" href=\"https:\/\/gewacro.com\/\"><\/a>\n\t\t\t\t\n\t\t\t<\/div>\n\t\t\t\t\n\t\t\t\t\t\t<\/div>\n\t\t\t\t<div class=\"elementor-element elementor-element-a0aa6ca wpr-advanced-text-style-animated wpr-fancy-text-typing wpr-animated-text-infinite-yes elementor-widget elementor-widget-wpr-advanced-text\" data-id=\"a0aa6ca\" data-element_type=\"widget\" data-settings=\"{&quot;anim_loop&quot;:&quot;yes&quot;}\" data-widget_type=\"wpr-advanced-text.default\">\n\t\t\t\t\t\n\t\t<h3 class=\"wpr-advanced-text\">\n\n\t\t\t\t\t\n\t\t\t\t\t\t\t<span class=\"wpr-advanced-text-preffix\">The General Wrapping Association <br><\/span>\n\t\t\t\n\t\t<span class=\"wpr-anim-text wpr-anim-text-type-typing wpr-anim-text-letters\" data-anim-duration=\"200,2000\" data-anim-loop=\"yes\">\n\t\t\t<span class=\"wpr-anim-text-inner\">\n\t\t\t\t\t\t\t\t\t<b>Croatia<\/b>\n\t\t\t\t\t\t\t<\/span>\n\t\t\t<span class=\"wpr-anim-text-cursor\">|<\/span>\t\t<\/span>\n\n\t\t\t\t\n\t\t<\/h3>\n\t\t\n\t\t\t\t\t\t<\/div>\n\t\t\t\t\t<\/div>\n\t\t<\/div>\n\t\t\t\t\t<\/div>\n\t\t<\/section>\n\t\t<div class=\"elementor-element elementor-element-15715ee e-flex e-con-boxed wpr-particle-no wpr-jarallax-no wpr-parallax-no wpr-sticky-section-no e-con e-parent\" data-id=\"15715ee\" data-element_type=\"container\">\n\t\t\t\t\t<div class=\"e-con-inner\">\n\t\t<div class=\"elementor-element elementor-element-4f219e8 e-flex e-con-boxed wpr-particle-no wpr-jarallax-no wpr-parallax-no wpr-sticky-section-no elementor-invisible e-con e-child\" data-id=\"4f219e8\" data-element_type=\"container\" data-settings=\"{&quot;animation&quot;:&quot;slideInLeft&quot;}\">\n\t\t\t\t\t<div class=\"e-con-inner\">\n\t\t\t\t<div class=\"elementor-element elementor-element-4c8c662 elementor-widget elementor-widget-image\" data-id=\"4c8c662\" data-element_type=\"widget\" data-widget_type=\"image.default\">\n\t\t\t\t\t\t\t\t\t\t\t\t\t\t\t<img fetchpriority=\"high\" decoding=\"async\" width=\"960\" height=\"720\" src=\"https:\/\/gewacro.com\/wp-content\/uploads\/2025\/10\/gewacro-7-1-1024x768.jpeg\" class=\"attachment-large size-large wp-image-474\" alt=\"\" srcset=\"https:\/\/gewacro.com\/wp-content\/uploads\/2025\/10\/gewacro-7-1-1024x768.jpeg 1024w, https:\/\/gewacro.com\/wp-content\/uploads\/2025\/10\/gewacro-7-1-300x225.jpeg 300w, https:\/\/gewacro.com\/wp-content\/uploads\/2025\/10\/gewacro-7-1-768x576.jpeg 768w, https:\/\/gewacro.com\/wp-content\/uploads\/2025\/10\/gewacro-7-1.jpeg 1280w\" sizes=\"(max-width: 960px) 100vw, 960px\" \/>\t\t\t\t\t\t\t\t\t\t\t\t\t\t\t<\/div>\n\t\t\t\t\t<\/div>\n\t\t\t\t<\/div>\n\t\t<div class=\"elementor-element elementor-element-131d9e2 e-flex e-con-boxed wpr-particle-no wpr-jarallax-no wpr-parallax-no wpr-sticky-section-no elementor-invisible e-con e-child\" data-id=\"131d9e2\" data-element_type=\"container\" data-settings=\"{&quot;animation&quot;:&quot;slideInRight&quot;}\">\n\t\t\t\t\t<div class=\"e-con-inner\">\n\t\t\t\t<div class=\"elementor-element elementor-element-5dbd780 elementor-widget elementor-widget-heading\" data-id=\"5dbd780\" data-element_type=\"widget\" data-widget_type=\"heading.default\">\n\t\t\t\t\t<h2 class=\"elementor-heading-title elementor-size-default\">O nama<\/h2>\t\t\t\t<\/div>\n\t\t\t\t<div class=\"elementor-element elementor-element-7a89fe6 elementor-widget elementor-widget-text-editor\" data-id=\"7a89fe6\" data-element_type=\"widget\" data-widget_type=\"text-editor.default\">\n\t\t\t\t\t\t\t\t\t<p>Generalna udruga postavlja\u010da folija Hrvatske (GEWA CRO) vode\u0107a je neovisna udruga za profesionalce u oslikavanju vozila i plovila u Hrvatskoj. Na\u0161u udrugu su 2019. godine osnovali stru\u010dnjaci iz industrije, ujedinjeni stra\u0161\u0107u prema ovom zanatu i vizijom podizanja standarda kvalitete i profesionalnosti u cijeloj dr\u017eavi.<\/p>\t\t\t\t\t\t\t\t<\/div>\n\t\t\t\t\t<\/div>\n\t\t\t\t<\/div>\n\t\t\t\t\t<\/div>\n\t\t\t\t<\/div>\n\t\t<div class=\"elementor-element elementor-element-83b1f86 e-flex e-con-boxed wpr-particle-no wpr-jarallax-no wpr-parallax-no wpr-sticky-section-no e-con e-parent\" data-id=\"83b1f86\" data-element_type=\"container\">\n\t\t\t\t\t<div class=\"e-con-inner\">\n\t\t<div class=\"elementor-element elementor-element-e2a3f62 e-flex e-con-boxed wpr-particle-no wpr-jarallax-no wpr-parallax-no wpr-sticky-section-no e-con e-child\" data-id=\"e2a3f62\" data-element_type=\"container\">\n\t\t\t\t\t<div class=\"e-con-inner\">\n\t\t\t\t<div class=\"elementor-element elementor-element-60657b8 elementor-widget elementor-widget-heading\" data-id=\"60657b8\" data-element_type=\"widget\" data-widget_type=\"heading.default\">\n\t\t\t\t\t<h2 class=\"elementor-heading-title elementor-size-default\">Misija<\/h2>\t\t\t\t<\/div>\n\t\t<div class=\"elementor-element elementor-element-44521e0 e-flex e-con-boxed wpr-particle-no wpr-jarallax-no wpr-parallax-no wpr-sticky-section-no e-con e-child\" data-id=\"44521e0\" data-element_type=\"container\">\n\t\t\t\t\t<div class=\"e-con-inner\">\n\t\t\t\t<div class=\"elementor-element elementor-element-2267b74 elementor-widget elementor-widget-text-editor\" data-id=\"2267b74\" data-element_type=\"widget\" data-widget_type=\"text-editor.default\">\n\t\t\t\t\t\t\t\t\t<p>Na\u0161a misija je dvostruka. Prvo, uspostaviti i odr\u017eavati najvi\u0161e tehni\u010dke standarde kvalitete i usluge u hrvatskoj industriji oslikavanja folijama, na dobrobit potro\u0161a\u010da i poslovnih subjekata. Drugo, kao \u0161to je navedeno u na\u0161em slu\u017ebenom statutu, na\u0161 je cilj uvesti poduzetni\u0161tvo u obrazovne programe za mlade, stvaraju\u0107i jasan put za sljede\u0107u generaciju certificiranih profesionalaca u partnerstvu s obrazovnim institucijama poput Ministarstva znanosti i obrazovanja.<\/p>\t\t\t\t\t\t\t\t<\/div>\n\t\t\t\t\t<\/div>\n\t\t\t\t<\/div>\n\t\t\t\t\t<\/div>\n\t\t\t\t<\/div>\n\t\t\t\t\t<\/div>\n\t\t\t\t<\/div>\n\t\t<div class=\"elementor-element elementor-element-1fcdbdc e-flex e-con-boxed wpr-particle-no wpr-jarallax-no wpr-parallax-no wpr-sticky-section-no e-con e-parent\" data-id=\"1fcdbdc\" data-element_type=\"container\">\n\t\t\t\t\t<div class=\"e-con-inner\">\n\t\t<div class=\"elementor-element elementor-element-b3efe4c e-flex e-con-boxed wpr-particle-no wpr-jarallax-no wpr-parallax-no wpr-sticky-section-no e-con e-child\" data-id=\"b3efe4c\" data-element_type=\"container\">\n\t\t\t\t\t<div class=\"e-con-inner\">\n\t\t\t\t<div class=\"elementor-element elementor-element-f3e1b6b elementor-widget elementor-widget-heading\" data-id=\"f3e1b6b\" data-element_type=\"widget\" data-widget_type=\"heading.default\">\n\t\t\t\t\t<h2 class=\"elementor-heading-title elementor-size-default\">Na\u0161i temelji i posve\u0107enost<\/h2>\t\t\t\t<\/div>\n\t\t<div class=\"elementor-element elementor-element-d25aaf2 e-flex e-con-boxed wpr-particle-no wpr-jarallax-no wpr-parallax-no wpr-sticky-section-no e-con e-child\" data-id=\"d25aaf2\" data-element_type=\"container\">\n\t\t\t\t\t<div class=\"e-con-inner\">\n\t\t\t\t<div class=\"elementor-element elementor-element-5ded64f elementor-widget elementor-widget-text-editor\" data-id=\"5ded64f\" data-element_type=\"widget\" data-widget_type=\"text-editor.default\">\n\t\t\t\t\t\t\t\t\t<p>GEWA CRO je slu\u017ebeno osnovana 19. kolovoza 2019. godine i registrirana je u Zagrebu. Vodi nas predan tim, uklju\u010duju\u0107i predsjednika Edu Lutza i tajnika Ivana D\u017ealtu, koji su posve\u0107eni na\u0161im temeljnim vrijednostima: pouzdanosti, kvalitetnoj izradi i stru\u010dnom savjetovanju klijenata.<\/p><p>Ta se predanost provodi u praksi kroz na\u0161 GEWA CRO pe\u010dat kvalitete i strate\u0161ko partnerstvo s Privatnom gimnazijom i ekonomskom \u0161kolom Katarina Zrinski. Kroz to partnerstvo aktivno oblikujemo budu\u0107nost struke, osiguravaju\u0107i da novi profesionalci u\u010de GEWACRO filozofiju izvrsnosti od samih temelja.<\/p>\t\t\t\t\t\t\t\t<\/div>\n\t\t\t\t\t<\/div>\n\t\t\t\t<\/div>\n\t\t\t\t\t<\/div>\n\t\t\t\t<\/div>\n\t\t\t\t\t<\/div>\n\t\t\t\t<\/div>\n\t\t<div class=\"elementor-element elementor-element-9b1ac0d e-flex e-con-boxed wpr-particle-no wpr-jarallax-no wpr-parallax-no wpr-sticky-section-no e-con e-parent\" data-id=\"9b1ac0d\" data-element_type=\"container\">\n\t\t\t\t\t<div class=\"e-con-inner\">\n\t\t<div class=\"elementor-element elementor-element-635a54a e-flex e-con-boxed wpr-particle-no wpr-jarallax-no wpr-parallax-no wpr-sticky-section-no e-con e-child\" data-id=\"635a54a\" data-element_type=\"container\">\n\t\t\t\t\t<div class=\"e-con-inner\">\n\t\t\t\t<div class=\"elementor-element elementor-element-6a2e252 elementor-widget elementor-widget-heading\" data-id=\"6a2e252\" data-element_type=\"widget\" data-widget_type=\"heading.default\">\n\t\t\t\t\t<h2 class=\"elementor-heading-title elementor-size-default\">Pioniri i predvodnici trendova<\/h2>\t\t\t\t<\/div>\n\t\t<div class=\"elementor-element elementor-element-507736b e-flex e-con-boxed wpr-particle-no wpr-jarallax-no wpr-parallax-no wpr-sticky-section-no e-con e-child\" data-id=\"507736b\" data-element_type=\"container\">\n\t\t\t\t\t<div class=\"e-con-inner\">\n\t\t\t\t<div class=\"elementor-element elementor-element-b7c84d1 elementor-widget elementor-widget-text-editor\" data-id=\"b7c84d1\" data-element_type=\"widget\" data-widget_type=\"text-editor.default\">\n\t\t\t\t\t\t\t\t\t<p>Danas GEWA CRO slu\u017ei kao sredi\u0161nja to\u010dka kontakta za javnost, medije i konzultante iz industrije. Uz podr\u0161ku \u0161iroke mre\u017ee dionika i vode\u0107ih proizvo\u0111a\u010da folija, sebe ne vidimo samo kao autoritet za postavljanje standarda, ve\u0107 kao pionire i predvodnike trendova za cjelokupnu industriju oslikavanja folijama u Hrvatskoj.<\/p>\t\t\t\t\t\t\t\t<\/div>\n\t\t\t\t\t<\/div>\n\t\t\t\t<\/div>\n\t\t\t\t\t<\/div>\n\t\t\t\t<\/div>\n\t\t\t\t\t<\/div>\n\t\t\t\t<\/div>\n\t\t\t\t<\/div>\n\t\t","protected":false},"excerpt":{"rendered":"<p>The General Wrapping Association Croatia | O nama Generalna udruga postavlja\u010da folija Hrvatske (GEWA CRO) vode\u0107a je neovisna udruga za profesionalce u oslikavanju vozila i plovila u Hrvatskoj. Na\u0161u udrugu su 2019. godine osnovali stru\u010dnjaci iz industrije, ujedinjeni stra\u0161\u0107u prema ovom zanatu i vizijom podizanja standarda kvalitete i profesionalnosti u cijeloj dr\u017eavi. Misija Na\u0161a misija je dvostruka. Prvo, uspostaviti i odr\u017eavati najvi\u0161e tehni\u010dke standarde kvalitete i usluge u hrvatskoj industriji oslikavanja folijama, na dobrobit potro\u0161a\u010da i poslovnih subjekata. Drugo, kao \u0161to je navedeno u na\u0161em slu\u017ebenom statutu, na\u0161 je cilj uvesti poduzetni\u0161tvo u obrazovne programe za mlade, stvaraju\u0107i jasan put za sljede\u0107u generaciju certificiranih profesionalaca u partnerstvu s obrazovnim institucijama poput Ministarstva znanosti i obrazovanja. Na\u0161i temelji i posve\u0107enost GEWA CRO je slu\u017ebeno osnovana 19. kolovoza 2019. godine i registrirana je u Zagrebu. Vodi nas predan tim, uklju\u010duju\u0107i predsjednika Edu Lutza i tajnika Ivana D\u017ealtu, koji su posve\u0107eni na\u0161im temeljnim vrijednostima: pouzdanosti, kvalitetnoj izradi i stru\u010dnom savjetovanju klijenata. Ta se predanost provodi u praksi kroz na\u0161 GEWA CRO pe\u010dat kvalitete i strate\u0161ko partnerstvo s Privatnom gimnazijom i ekonomskom \u0161kolom Katarina Zrinski. Kroz to partnerstvo aktivno oblikujemo budu\u0107nost struke, osiguravaju\u0107i da novi profesionalci u\u010de GEWACRO filozofiju izvrsnosti od samih temelja. Pioniri i predvodnici trendova Danas GEWA CRO slu\u017ei kao sredi\u0161nja to\u010dka kontakta za javnost, medije i konzultante iz industrije. Uz podr\u0161ku \u0161iroke mre\u017ee dionika i vode\u0107ih proizvo\u0111a\u010da folija, sebe ne vidimo samo kao autoritet za postavljanje standarda, ve\u0107 kao pionire i predvodnike trendova za cjelokupnu industriju oslikavanja folijama u Hrvatskoj.<\/p>\n","protected":false},"author":1,"featured_media":0,"parent":0,"menu_order":0,"comment_status":"closed","ping_status":"closed","template":"elementor_canvas","meta":{"footnotes":""},"class_list":["post-8","page","type-page","status-publish","hentry"],"_links":{"self":[{"href":"https:\/\/gewacro.com\/index.php\/wp-json\/wp\/v2\/pages\/8","targetHints":{"allow":["GET"]}}],"collection":[{"href":"https:\/\/gewacro.com\/index.php\/wp-json\/wp\/v2\/pages"}],"about":[{"href":"https:\/\/gewacro.com\/index.php\/wp-json\/wp\/v2\/types\/page"}],"author":[{"embeddable":true,"href":"https:\/\/gewacro.com\/index.php\/wp-json\/wp\/v2\/users\/1"}],"replies":[{"embeddable":true,"href":"https:\/\/gewacro.com\/index.php\/wp-json\/wp\/v2\/comments?post=8"}],"version-history":[{"count":16,"href":"https:\/\/gewacro.com\/index.php\/wp-json\/wp\/v2\/pages\/8\/revisions"}],"predecessor-version":[{"id":531,"href":"https:\/\/gewacro.com\/index.php\/wp-json\/wp\/v2\/pages\/8\/revisions\/531"}],"wp:attachment":[{"href":"https:\/\/gewacro.com\/index.php\/wp-json\/wp\/v2\/media?parent=8"}],"curies":[{"name":"wp","href":"https:\/\/api.w.org\/{rel}","templated":true}]}}